{"id":56,"date":"2025-04-02T06:02:09","date_gmt":"2025-04-02T06:02:09","guid":{"rendered":"https:\/\/fslo.ch\/?page_id=56"},"modified":"2026-02-19T15:07:33","modified_gmt":"2026-02-19T15:07:33","slug":"home","status":"publish","type":"page","link":"https:\/\/fslo.ch\/de\/","title":{"rendered":"F\u00e9d\u00e9ration suisse des logop\u00e9distes dipl\u00f4m\u00e9\u00b7e\u00b7s"},"content":{"rendered":"<div class=\"wp-block-group has-global-padding is-content-justification-center is-layout-constrained wp-container-core-group-is-layout-f2660c82 wp-block-group-is-layout-constrained\" style=\"margin-top:var(--wp--preset--spacing--60);margin-bottom:var(--wp--preset--spacing--60);padding-top:0;padding-bottom:0\">\n<h2 class=\"wp-block-heading has-xx-large-font-size\" style=\"margin-bottom:var(--wp--preset--spacing--50);font-style:normal;font-weight:500\">Unsere Aufgabe<\/h2>\n\n\n\n<p class=\"has-text-align-left has-medium-font-size\">Die F\u00f6deration der Schweizer Logop\u00e4dinnen und Logop\u00e4den ist nationale Ansprech- und Verhandlungspartnerin f\u00fcr Beh\u00f6rden, Kostentr\u00e4ger und Berufsorganisationen. Sie vertritt die Interessen der Logop\u00e4dinnen und Logop\u00e4den in der Schweiz und setzt sich f\u00fcr das Ansehen und die Weiterentwicklung der Logop\u00e4die ein.<\/p>\n\n\n\n<p class=\"has-medium-font-size\">Die FSLO ist der Dachverband der drei sprachregionalen Logop\u00e4dieverb\u00e4nde DLV, ARLD und ALOSI. Als Leistungserbringerverband koordiniert und vertritt sie die Logop\u00e4dinnen und Logop\u00e4den bei Themen von nationaler Bedeutung. Unser Anliegen ist es, ein starkes Netzwerk zu pflegen und uns f\u00fcr die Interessen unserer Mitglieder auf politischer, beruflicher und wissenschaftlicher Ebene einzusetzen. <\/p>\n<\/div>\n\n\n\n<div class=\"wp-block-group alignfull has-contrast-color has-custom-platinum-background-color has-text-color has-background has-link-color wp-elements-ce5e87259dfe48b02e61e602dbf5b429 has-global-padding is-layout-constrained wp-container-core-group-is-layout-b8ebdb26 wp-block-group-is-layout-constrained\" style=\"padding-top:var(--wp--preset--spacing--60);padding-right:var(--wp--preset--spacing--40);padding-bottom:var(--wp--preset--spacing--60);padding-left:var(--wp--preset--spacing--40)\">\n<h2 class=\"wp-block-heading alignwide is-style-default has-xx-large-font-size\" style=\"margin-bottom:var(--wp--preset--spacing--50);font-style:normal;font-weight:500\">Unser Engagement<\/h2>\n\n\n\n<ul style=\"margin-bottom:var(--wp--preset--spacing--50);line-height:1.5\" class=\"wp-block-list is-style-checkmark-list\">\n<li>Den Austausch zwischen den sprachregionalen Logop\u00e4dieverb\u00e4nden st\u00e4rken, um Aktionen und Initiativen gemeinsam zu koordinieren.<\/li>\n\n\n\n<li>Die Logop\u00e4die als wichtigen Akteur in der interprofessionellen Betreuung von Patientinnen und Patienten f\u00f6rdern.<\/li>\n\n\n\n<li>Qualitativ hochwertige Rahmenbedingungen gew\u00e4hrleisten unter Wahrung von professionellen Vorgaben und Standards.<\/li>\n\n\n\n<li>Den Berufsstand bei administrativen und politischen Gremien vertreten, insbesondere in den Bereichen Gesundheit und Bildung.<\/li>\n\n\n\n<li>Mit Berufs- und Betroffenenorganisationen zusammenarbeiten um den Austausch und das Ansehen des Berufs zu st\u00e4rken.<\/li>\n\n\n\n<li>Faire Bedingungen mit den Tarifpartnern aushandeln, um den Zugang zur logop\u00e4dischen Versorgung zu sichern.<\/li>\n\n\n\n<li>Uns im Rahmen der obligatorischen Kranken- und Unfallversicherung f\u00fcr das Berufsfeld der Logop\u00e4die einsetzen.<\/li>\n<\/ul>\n\n\n\n<div class=\"wp-block-buttons alignwide is-content-justification-center is-layout-flex wp-container-core-buttons-is-layout-a89b3969 wp-block-buttons-is-layout-flex\">\n<div class=\"wp-block-button is-style-fill\"><a class=\"wp-block-button__link has-base-color has-text-color has-link-color has-large-font-size has-custom-font-size wp-element-button\" href=\"http:\/\/fslo.ch\/de\/a-propos\/\">\u00dcber die FSLO<\/a><\/div>\n<\/div>\n<\/div>\n\n\n\n<div class=\"wp-block-group has-global-padding is-content-justification-center is-layout-constrained wp-container-core-group-is-layout-f2660c82 wp-block-group-is-layout-constrained\" style=\"margin-top:var(--wp--preset--spacing--60);margin-bottom:var(--wp--preset--spacing--60);padding-top:0;padding-bottom:0\">\n<h2 class=\"wp-block-heading has-xx-large-font-size\" style=\"margin-bottom:var(--wp--preset--spacing--50);font-style:normal;font-weight:500\">Unsere konkreten T\u00e4tigkeiten<\/h2>\n\n\n\n<ul style=\"margin-bottom:var(--wp--preset--spacing--50);line-height:1.5\" class=\"wp-block-list is-style-checkmark-list\">\n<li>Erstellung einer ersten evidenz- und konsensbasierten logop\u00e4dischen Praxisempfehlung f\u00fcr die Therapie von Schluckst\u00f6rungen bei Menschen mit Morbus Parkinson<\/li>\n\n\n\n<li>Formulierung  eines Qualit\u00e4tsvertrages f\u00fcr freiberufliche Logop\u00e4dinnen und Logop\u00e4den, der den Kriterien der obligatorischen Krankenpflegeversicherung nach KVG (Art. 58a) und KVV (Art. 77) entspricht. Erarbeitung und Umsetzung eines logop\u00e4diespezifischen Qualit\u00e4tsmanagementsystems f\u00fcr Logop\u00e4dinnen und Logop\u00e4den mit Zulassung OKP.<\/li>\n\n\n\n<li>Erhebung und Auswertung von Daten f\u00fcr die Aufnahme von Taxpunktwertverhandlungen f\u00fcr logop\u00e4dische Leistungen im Erwachsenenbereich.<\/li>\n<\/ul>\n\n\n\n<div class=\"wp-block-buttons alignwide is-content-justification-center is-layout-flex wp-container-core-buttons-is-layout-a89b3969 wp-block-buttons-is-layout-flex\">\n<div class=\"wp-block-button is-style-fill\"><a class=\"wp-block-button__link has-base-color has-text-color has-link-color has-large-font-size has-custom-font-size wp-element-button\" href=\"http:\/\/fslo.ch\/de\/a-propos\/#CAPSL\">Download der T\u00e4tigkeitsberichte der K\/SBL<\/a><\/div>\n<\/div>\n<\/div>","protected":false},"excerpt":{"rendered":"<p>Notre mission La F\u00e9d\u00e9ration Suisse des logop\u00e9distes est l&rsquo;interlocutrice nationale et le partenaire de n\u00e9gociation des autorit\u00e9s, des organismes payeurs et des organisations professionnelles. Elle repr\u00e9sente les int\u00e9r\u00eats des logop\u00e9distes en Suisse et \u0153uvre \u00e0 promouvoir la reconnaissance et le d\u00e9veloppement de la profession. Notre f\u00e9d\u00e9ration regroupe plusieurs associations linguistiques r\u00e9gionales, offrant ainsi une repr\u00e9sentativit\u00e9 [&hellip;]<\/p>\n","protected":false},"author":1,"featured_media":0,"parent":0,"menu_order":0,"comment_status":"closed","ping_status":"closed","template":"page-no-title","meta":{"footnotes":""},"class_list":["post-56","page","type-page","status-publish","hentry"],"yoast_head":"<!-- This site is optimized with the Yoast SEO plugin v27.3 - https:\/\/yoast.com\/product\/yoast-seo-wordpress\/ -->\n<title>F\u00e9d\u00e9ration suisse des logop\u00e9distes dipl\u00f4m\u00e9\u00b7e\u00b7s - FSLO - F\u00e9d\u00e9ration Suisse des Logop\u00e9distes<\/title>\n<meta name=\"robots\" content=\"index, follow, max-snippet:-1, max-image-preview:large, max-video-preview:-1\" \/>\n<link rel=\"canonical\" href=\"https:\/\/fslo.ch\/de\/\" \/>\n<meta property=\"og:locale\" content=\"de_DE\" \/>\n<meta property=\"og:type\" content=\"article\" \/>\n<meta property=\"og:title\" content=\"F\u00e9d\u00e9ration suisse des logop\u00e9distes dipl\u00f4m\u00e9\u00b7e\u00b7s - FSLO - F\u00e9d\u00e9ration Suisse des Logop\u00e9distes\" \/>\n<meta property=\"og:description\" content=\"Notre mission La F\u00e9d\u00e9ration Suisse des logop\u00e9distes est l&rsquo;interlocutrice nationale et le partenaire de n\u00e9gociation des autorit\u00e9s, des organismes payeurs et des organisations professionnelles. Elle repr\u00e9sente les int\u00e9r\u00eats des logop\u00e9distes en Suisse et \u0153uvre \u00e0 promouvoir la reconnaissance et le d\u00e9veloppement de la profession. Notre f\u00e9d\u00e9ration regroupe plusieurs associations linguistiques r\u00e9gionales, offrant ainsi une repr\u00e9sentativit\u00e9 [&hellip;]\" \/>\n<meta property=\"og:url\" content=\"https:\/\/fslo.ch\/de\/\" \/>\n<meta property=\"og:site_name\" content=\"FSLO - F\u00e9d\u00e9ration Suisse des Logop\u00e9distes\" \/>\n<meta property=\"article:modified_time\" content=\"2026-02-19T15:07:33+00:00\" \/>\n<meta name=\"twitter:card\" content=\"summary_large_image\" \/>\n<meta name=\"twitter:label1\" content=\"Gesch\u00e4tzte Lesezeit\" \/>\n\t<meta name=\"twitter:data1\" content=\"1\u00a0Minute\" \/>\n<script type=\"application\/ld+json\" class=\"yoast-schema-graph\">{\"@context\":\"https:\\\/\\\/schema.org\",\"@graph\":[{\"@type\":\"WebPage\",\"@id\":\"https:\\\/\\\/fslo.ch\\\/\",\"url\":\"https:\\\/\\\/fslo.ch\\\/\",\"name\":\"F\u00e9d\u00e9ration suisse des logop\u00e9distes dipl\u00f4m\u00e9\u00b7e\u00b7s - FSLO - F\u00e9d\u00e9ration Suisse des Logop\u00e9distes\",\"isPartOf\":{\"@id\":\"https:\\\/\\\/fslo.ch\\\/#website\"},\"datePublished\":\"2025-04-02T06:02:09+00:00\",\"dateModified\":\"2026-02-19T15:07:33+00:00\",\"breadcrumb\":{\"@id\":\"https:\\\/\\\/fslo.ch\\\/#breadcrumb\"},\"inLanguage\":\"de\",\"potentialAction\":[{\"@type\":\"ReadAction\",\"target\":[\"https:\\\/\\\/fslo.ch\\\/\"]}]},{\"@type\":\"BreadcrumbList\",\"@id\":\"https:\\\/\\\/fslo.ch\\\/#breadcrumb\",\"itemListElement\":[{\"@type\":\"ListItem\",\"position\":1,\"name\":\"Accueil\",\"item\":\"https:\\\/\\\/fslo.ch\\\/\"},{\"@type\":\"ListItem\",\"position\":2,\"name\":\"F\u00e9d\u00e9ration suisse des logop\u00e9distes dipl\u00f4m\u00e9\u00b7e\u00b7s\"}]},{\"@type\":\"WebSite\",\"@id\":\"https:\\\/\\\/fslo.ch\\\/#website\",\"url\":\"https:\\\/\\\/fslo.ch\\\/\",\"name\":\"FSLO - F\u00e9d\u00e9ration Suisse des Logop\u00e9distes\",\"description\":\"\",\"publisher\":{\"@id\":\"https:\\\/\\\/fslo.ch\\\/#organization\"},\"potentialAction\":[{\"@type\":\"SearchAction\",\"target\":{\"@type\":\"EntryPoint\",\"urlTemplate\":\"https:\\\/\\\/fslo.ch\\\/?s={search_term_string}\"},\"query-input\":{\"@type\":\"PropertyValueSpecification\",\"valueRequired\":true,\"valueName\":\"search_term_string\"}}],\"inLanguage\":\"de\"},{\"@type\":\"Organization\",\"@id\":\"https:\\\/\\\/fslo.ch\\\/#organization\",\"name\":\"FSLO - F\u00e9d\u00e9ration Suisse des Logop\u00e9distes\",\"url\":\"https:\\\/\\\/fslo.ch\\\/\",\"logo\":{\"@type\":\"ImageObject\",\"inLanguage\":\"de\",\"@id\":\"https:\\\/\\\/fslo.ch\\\/#\\\/schema\\\/logo\\\/image\\\/\",\"url\":\"https:\\\/\\\/fslo.ch\\\/wp-content\\\/uploads\\\/2025\\\/03\\\/fslo.png\",\"contentUrl\":\"https:\\\/\\\/fslo.ch\\\/wp-content\\\/uploads\\\/2025\\\/03\\\/fslo.png\",\"width\":1000,\"height\":411,\"caption\":\"FSLO - F\u00e9d\u00e9ration Suisse des Logop\u00e9distes\"},\"image\":{\"@id\":\"https:\\\/\\\/fslo.ch\\\/#\\\/schema\\\/logo\\\/image\\\/\"}}]}<\/script>\n<!-- \/ Yoast SEO plugin. -->","yoast_head_json":{"title":"F\u00e9d\u00e9ration suisse des logop\u00e9distes dipl\u00f4m\u00e9\u00b7e\u00b7s - FSLO - F\u00e9d\u00e9ration Suisse des Logop\u00e9distes","robots":{"index":"index","follow":"follow","max-snippet":"max-snippet:-1","max-image-preview":"max-image-preview:large","max-video-preview":"max-video-preview:-1"},"canonical":"https:\/\/fslo.ch\/de\/","og_locale":"de_DE","og_type":"article","og_title":"F\u00e9d\u00e9ration suisse des logop\u00e9distes dipl\u00f4m\u00e9\u00b7e\u00b7s - FSLO - F\u00e9d\u00e9ration Suisse des Logop\u00e9distes","og_description":"Notre mission La F\u00e9d\u00e9ration Suisse des logop\u00e9distes est l&rsquo;interlocutrice nationale et le partenaire de n\u00e9gociation des autorit\u00e9s, des organismes payeurs et des organisations professionnelles. Elle repr\u00e9sente les int\u00e9r\u00eats des logop\u00e9distes en Suisse et \u0153uvre \u00e0 promouvoir la reconnaissance et le d\u00e9veloppement de la profession. Notre f\u00e9d\u00e9ration regroupe plusieurs associations linguistiques r\u00e9gionales, offrant ainsi une repr\u00e9sentativit\u00e9 [&hellip;]","og_url":"https:\/\/fslo.ch\/de\/","og_site_name":"FSLO - F\u00e9d\u00e9ration Suisse des Logop\u00e9distes","article_modified_time":"2026-02-19T15:07:33+00:00","twitter_card":"summary_large_image","twitter_misc":{"Gesch\u00e4tzte Lesezeit":"1\u00a0Minute"},"schema":{"@context":"https:\/\/schema.org","@graph":[{"@type":"WebPage","@id":"https:\/\/fslo.ch\/","url":"https:\/\/fslo.ch\/","name":"F\u00e9d\u00e9ration suisse des logop\u00e9distes dipl\u00f4m\u00e9\u00b7e\u00b7s - FSLO - F\u00e9d\u00e9ration Suisse des Logop\u00e9distes","isPartOf":{"@id":"https:\/\/fslo.ch\/#website"},"datePublished":"2025-04-02T06:02:09+00:00","dateModified":"2026-02-19T15:07:33+00:00","breadcrumb":{"@id":"https:\/\/fslo.ch\/#breadcrumb"},"inLanguage":"de","potentialAction":[{"@type":"ReadAction","target":["https:\/\/fslo.ch\/"]}]},{"@type":"BreadcrumbList","@id":"https:\/\/fslo.ch\/#breadcrumb","itemListElement":[{"@type":"ListItem","position":1,"name":"Accueil","item":"https:\/\/fslo.ch\/"},{"@type":"ListItem","position":2,"name":"F\u00e9d\u00e9ration suisse des logop\u00e9distes dipl\u00f4m\u00e9\u00b7e\u00b7s"}]},{"@type":"WebSite","@id":"https:\/\/fslo.ch\/#website","url":"https:\/\/fslo.ch\/","name":"FSLO - F\u00e9d\u00e9ration Suisse des Logop\u00e9distes","description":"","publisher":{"@id":"https:\/\/fslo.ch\/#organization"},"potentialAction":[{"@type":"SearchAction","target":{"@type":"EntryPoint","urlTemplate":"https:\/\/fslo.ch\/?s={search_term_string}"},"query-input":{"@type":"PropertyValueSpecification","valueRequired":true,"valueName":"search_term_string"}}],"inLanguage":"de"},{"@type":"Organization","@id":"https:\/\/fslo.ch\/#organization","name":"FSLO - F\u00e9d\u00e9ration Suisse des Logop\u00e9distes","url":"https:\/\/fslo.ch\/","logo":{"@type":"ImageObject","inLanguage":"de","@id":"https:\/\/fslo.ch\/#\/schema\/logo\/image\/","url":"https:\/\/fslo.ch\/wp-content\/uploads\/2025\/03\/fslo.png","contentUrl":"https:\/\/fslo.ch\/wp-content\/uploads\/2025\/03\/fslo.png","width":1000,"height":411,"caption":"FSLO - F\u00e9d\u00e9ration Suisse des Logop\u00e9distes"},"image":{"@id":"https:\/\/fslo.ch\/#\/schema\/logo\/image\/"}}]}},"_links":{"self":[{"href":"https:\/\/fslo.ch\/de\/wp-json\/wp\/v2\/pages\/56","targetHints":{"allow":["GET"]}}],"collection":[{"href":"https:\/\/fslo.ch\/de\/wp-json\/wp\/v2\/pages"}],"about":[{"href":"https:\/\/fslo.ch\/de\/wp-json\/wp\/v2\/types\/page"}],"author":[{"embeddable":true,"href":"https:\/\/fslo.ch\/de\/wp-json\/wp\/v2\/users\/1"}],"replies":[{"embeddable":true,"href":"https:\/\/fslo.ch\/de\/wp-json\/wp\/v2\/comments?post=56"}],"version-history":[{"count":154,"href":"https:\/\/fslo.ch\/de\/wp-json\/wp\/v2\/pages\/56\/revisions"}],"predecessor-version":[{"id":619,"href":"https:\/\/fslo.ch\/de\/wp-json\/wp\/v2\/pages\/56\/revisions\/619"}],"wp:attachment":[{"href":"https:\/\/fslo.ch\/de\/wp-json\/wp\/v2\/media?parent=56"}],"curies":[{"name":"wp","href":"https:\/\/api.w.org\/{rel}","templated":true}]}}