{"id":95,"date":"2025-04-02T06:52:07","date_gmt":"2025-04-02T06:52:07","guid":{"rendered":"https:\/\/fslo.ch\/?page_id=95"},"modified":"2025-09-18T06:18:05","modified_gmt":"2025-09-18T06:18:05","slug":"reseau-partenariats","status":"publish","type":"page","link":"https:\/\/fslo.ch\/de\/reseau-partenariats\/","title":{"rendered":"Netzwerk und Partnerschaften"},"content":{"rendered":"<div class=\"wp-block-group alignfull is-style-default has-global-padding is-layout-constrained wp-container-core-group-is-layout-e6ba9ed0 wp-block-group-is-layout-constrained\" style=\"margin-top:0;margin-bottom:0;padding-top:var(--wp--preset--spacing--50);padding-bottom:var(--wp--preset--spacing--50)\">\n<p class=\"has-x-large-font-size\">Die FSLO engagiert sich aktiv in der Netzwerkarbeit und baut starke Partnerschaften auf, um die Logop\u00e4die auf allen Ebenen zu positionieren und zu st\u00e4rken.<\/p>\n\n\n\n<div class=\"wp-block-columns alignwide is-layout-flex wp-container-core-columns-is-layout-66fad18a wp-block-columns-is-layout-flex\">\n<div class=\"wp-block-column is-layout-flow wp-block-column-is-layout-flow\" style=\"padding-right:0;flex-basis:55%\">\n<figure class=\"wp-block-image size-full\"><img loading=\"lazy\" decoding=\"async\" width=\"720\" height=\"481\" src=\"https:\/\/fslo.ch\/wp-content\/uploads\/2025\/04\/scott-graham-OQMZwNd3ThU-unsplash.jpg\" alt=\"\" class=\"wp-image-328\" srcset=\"https:\/\/fslo.ch\/wp-content\/uploads\/2025\/04\/scott-graham-OQMZwNd3ThU-unsplash.jpg 720w, https:\/\/fslo.ch\/wp-content\/uploads\/2025\/04\/scott-graham-OQMZwNd3ThU-unsplash-300x200.jpg 300w\" sizes=\"auto, (max-width: 720px) 100vw, 720px\" \/><\/figure>\n<\/div>\n\n\n\n<div class=\"wp-block-column is-vertically-aligned-center is-layout-flow wp-block-column-is-layout-flow\" style=\"padding-right:0;padding-left:0;flex-basis:50%\">\n<div class=\"wp-block-group is-vertical is-layout-flex wp-container-core-group-is-layout-fe9cc265 wp-block-group-is-layout-flex\">\n<p class=\"is-style-text-subtitle has-medium-font-size is-style-text-subtitle--1 translation-block\">Das aktuelle \u00e4rztliche Anordnungsformular f\u00fcr ambulante Logop\u00e4die steht zum Download bereit. Dies erm\u00f6glicht eine strukturierte Zuweisung zur logop\u00e4dischen Therapie und erlaubt der zust\u00e4ndigen Krankenkasse oder einer anderen Versicherung (UV, IV oder MV) ein eingereichtes Kostengutsprachegesuch zu pr\u00fcfen.<\/p>\n\n\n\n<div class=\"wp-block-buttons is-layout-flex wp-block-buttons-is-layout-flex\">\n<div class=\"wp-block-button\"><a class=\"wp-block-button__link wp-element-button\" href=\"https:\/\/fslo.ch\/wp-content\/uploads\/2025\/09\/Anordnungsformular_Logopadie_DE_2025.pdf\" target=\"_blank\" rel=\"noreferrer noopener\">Formular herunterladen (DE)<\/a><\/div>\n\n\n\n<div class=\"wp-block-button\"><a class=\"wp-block-button__link wp-element-button\" href=\"https:\/\/fslo.ch\/wp-content\/uploads\/2025\/09\/PRESCRIPTION-MEDICALE-DE-LOGOPEDIE_FR_2025.pdf\" target=\"_blank\" rel=\"noreferrer noopener\">Formular herunterladen (FR)<\/a><\/div>\n\n\n\n<div class=\"wp-block-button\"><a class=\"wp-block-button__link wp-element-button\" href=\"https:\/\/fslo.ch\/wp-content\/uploads\/2025\/09\/PRESCRIZIONE-MEDICA-PER-LA-TERAPIA-LOGOPEDICA_IT_2025.pdf\" target=\"_blank\" rel=\"noreferrer noopener\">Formular herunterladen (IT)<\/a><\/div>\n<\/div>\n<\/div>\n<\/div>\n<\/div>\n<\/div>\n\n\n\n<div class=\"wp-block-group alignfull has-custom-platinum-background-color has-background has-global-padding is-layout-constrained wp-container-core-group-is-layout-54af5b55 wp-block-group-is-layout-constrained\" style=\"margin-top:0;margin-bottom:0;padding-top:var(--wp--preset--spacing--60);padding-bottom:var(--wp--preset--spacing--60)\">\n<h2 class=\"wp-block-heading alignwide has-xx-large-font-size\" style=\"font-style:normal;font-weight:500\">Netzwerk<\/h2>\n\n\n\n<div class=\"wp-block-group is-layout-grid wp-container-core-group-is-layout-bae6891b wp-block-group-is-layout-grid\">\n<div class=\"wp-block-group is-style-default has-base-color has-custom-keppel-background-color has-text-color has-background has-link-color wp-elements-ddfc80af9fa82a14fd03cdb3296dbd72 is-vertical is-content-justification-center is-layout-flex wp-container-core-group-is-layout-386451ff wp-block-group-is-layout-flex\" style=\"border-radius:5px;padding-top:var(--wp--preset--spacing--30);padding-right:var(--wp--preset--spacing--30);padding-bottom:var(--wp--preset--spacing--30);padding-left:var(--wp--preset--spacing--30)\">\n<h3 class=\"wp-block-heading has-x-large-font-size\"><a href=\"https:\/\/svbg-fsas.ch\" target=\"_blank\" rel=\"noreferrer noopener\">SVBG<\/a><\/h3>\n\n\n\n<p class=\"has-text-align-center has-medium-font-size\">Schweizerische Verband der Berufsorganisationen im Gesundheitswesen<\/p>\n<\/div>\n\n\n\n<div class=\"wp-block-group has-base-color has-custom-keppel-background-color has-text-color has-background has-link-color wp-elements-f751d192228273f68d0bc434d801b0ce is-vertical is-content-justification-center is-layout-flex wp-container-core-group-is-layout-386451ff wp-block-group-is-layout-flex\" style=\"border-radius:5px;padding-top:var(--wp--preset--spacing--30);padding-right:var(--wp--preset--spacing--30);padding-bottom:var(--wp--preset--spacing--30);padding-left:var(--wp--preset--spacing--30)\">\n<h3 class=\"wp-block-heading has-text-align-center has-x-large-font-size\"><a href=\"https:\/\/www.interprofessionalitaet.ch\/\" target=\"_blank\" rel=\"noreferrer noopener\">Plattform Interprofessionalit\u00e4t<\/a><\/h3>\n\n\n\n<p class=\"has-text-align-center has-medium-font-size\">Plattform Interprofessionalit\u00e4t in der prim\u00e4ren Gesundheitsversorgung<\/p>\n<\/div>\n\n\n\n<div class=\"wp-block-group has-base-color has-custom-keppel-background-color has-text-color has-background has-link-color wp-elements-a919a6bad5028db679492948089315dc is-vertical is-content-justification-center is-layout-flex wp-container-core-group-is-layout-386451ff wp-block-group-is-layout-flex\" style=\"border-radius:5px;padding-top:var(--wp--preset--spacing--30);padding-right:var(--wp--preset--spacing--30);padding-bottom:var(--wp--preset--spacing--30);padding-left:var(--wp--preset--spacing--30)\">\n<h3 class=\"wp-block-heading has-text-align-center has-x-large-font-size\"><a href=\"https:\/\/www.freieberufe.ch\/de\/verband\/?oid=1799&amp;lang=de\" target=\"_blank\" rel=\"noreferrer noopener\">SVFB<\/a><\/h3>\n\n\n\n<p class=\"has-text-align-center has-medium-font-size\">Der Schweizerische Verband freier Berufe<\/p>\n<\/div>\n\n\n\n<div class=\"wp-block-group has-base-color has-custom-keppel-background-color has-text-color has-background has-link-color wp-elements-126036f28dde79625e3af15d45f818a8 is-vertical is-content-justification-center is-layout-flex wp-container-core-group-is-layout-386451ff wp-block-group-is-layout-flex\" style=\"border-radius:5px;padding-top:var(--wp--preset--spacing--30);padding-right:var(--wp--preset--spacing--30);padding-bottom:var(--wp--preset--spacing--30);padding-left:var(--wp--preset--spacing--30)\">\n<h3 class=\"wp-block-heading has-x-large-font-size\"><a href=\"https:\/\/eslaeurope.eu\/\" target=\"_blank\" rel=\"noreferrer noopener\">ESLA<\/a><\/h3>\n\n\n\n<p class=\"has-text-align-center has-medium-font-size\">European Speech and Language Therapy Association<\/p>\n<\/div>\n\n\n\n<div class=\"wp-block-group has-base-color has-custom-keppel-background-color has-text-color has-background has-link-color wp-elements-034e91dbc3285420c9170888424b78f8 is-vertical is-content-justification-center is-layout-flex wp-container-core-group-is-layout-386451ff wp-block-group-is-layout-flex\" style=\"border-radius:5px;padding-top:var(--wp--preset--spacing--30);padding-right:var(--wp--preset--spacing--30);padding-bottom:var(--wp--preset--spacing--30);padding-left:var(--wp--preset--spacing--30)\">\n<h3 class=\"wp-block-heading has-x-large-font-size\"><a href=\"https:\/\/ialpglobal.org\/\" target=\"_blank\" rel=\"noreferrer noopener\">IALP<\/a><\/h3>\n\n\n\n<p class=\"has-text-align-center has-medium-font-size\">International Association of Communication Sciences and Desorders<\/p>\n<\/div>\n\n\n\n<div class=\"wp-block-group has-base-color has-custom-keppel-background-color has-text-color has-background has-link-color wp-elements-96717de66f25d5bc97dd57484417e20f is-vertical is-content-justification-center is-layout-flex wp-container-core-group-is-layout-386451ff wp-block-group-is-layout-flex\" style=\"border-radius:5px;padding-top:var(--wp--preset--spacing--30);padding-right:var(--wp--preset--spacing--30);padding-bottom:var(--wp--preset--spacing--30);padding-left:var(--wp--preset--spacing--30)\">\n<h3 class=\"wp-block-heading has-x-large-font-size\"><a href=\"https:\/\/aphasie.org\/\" target=\"_blank\" rel=\"noreferrer noopener\">APHASIE SUISSE<\/a><\/h3>\n\n\n\n<p class=\"has-medium-font-size\">Aphasie suisse<\/p>\n<\/div>\n<\/div>\n<\/div>\n\n\n\n<div class=\"wp-block-group alignfull has-global-padding is-layout-constrained wp-container-core-group-is-layout-54af5b55 wp-block-group-is-layout-constrained\" style=\"margin-top:0;margin-bottom:0;padding-top:var(--wp--preset--spacing--60);padding-bottom:var(--wp--preset--spacing--60)\">\n<h2 class=\"wp-block-heading alignwide has-xx-large-font-size\" style=\"font-style:normal;font-weight:500\">Weitere wichtige Organisationen<\/h2>\n\n\n\n<div class=\"wp-block-group is-layout-grid wp-container-core-group-is-layout-8da69725 wp-block-group-is-layout-grid\">\n<div class=\"wp-block-group is-style-default has-base-color has-custom-keppel-background-color has-text-color has-background has-link-color wp-elements-47bb8833f4662a170c45274ef159da71 is-vertical is-content-justification-center is-layout-flex wp-container-core-group-is-layout-386451ff wp-block-group-is-layout-flex\" style=\"border-radius:5px;padding-top:var(--wp--preset--spacing--30);padding-right:var(--wp--preset--spacing--30);padding-bottom:var(--wp--preset--spacing--30);padding-left:var(--wp--preset--spacing--30)\">\n<h3 class=\"wp-block-heading has-x-large-font-size\"><a href=\"https:\/\/www.csps.ch\/startseite\" target=\"_blank\" rel=\"noreferrer noopener\">SZH<\/a><\/h3>\n\n\n\n<p class=\"has-text-align-center has-medium-font-size\">Stiftung Schweizerisches Zentrum f\u00fcr Heilp\u00e4dagogik<\/p>\n<\/div>\n\n\n\n<div class=\"wp-block-group has-base-color has-custom-keppel-background-color has-text-color has-background has-link-color wp-elements-6e7178ba4d5ee2de242bae5d32b20858 is-vertical is-content-justification-center is-layout-flex wp-container-core-group-is-layout-386451ff wp-block-group-is-layout-flex\" style=\"border-radius:5px;padding-top:var(--wp--preset--spacing--30);padding-right:var(--wp--preset--spacing--30);padding-bottom:var(--wp--preset--spacing--30);padding-left:var(--wp--preset--spacing--30)\">\n<h3 class=\"wp-block-heading has-text-align-center has-x-large-font-size\"><a href=\"https:\/\/www.edk.ch\/de\" target=\"_blank\" rel=\"noreferrer noopener\">EDK<\/a><\/h3>\n\n\n\n<p class=\"has-text-align-center has-medium-font-size\">Konferenz der kantonalen Erziehungsdirektorinnen und -direktoren<\/p>\n<\/div>\n\n\n\n<div class=\"wp-block-group has-base-color has-custom-keppel-background-color has-text-color has-background has-link-color wp-elements-44f33f09024c2d1cd6eb611e13e6692c is-vertical is-content-justification-center is-layout-flex wp-container-core-group-is-layout-386451ff wp-block-group-is-layout-flex\" style=\"border-radius:5px;padding-top:var(--wp--preset--spacing--30);padding-right:var(--wp--preset--spacing--30);padding-bottom:var(--wp--preset--spacing--30);padding-left:var(--wp--preset--spacing--30)\">\n<h3 class=\"wp-block-heading has-text-align-center has-x-large-font-size\"><a href=\"https:\/\/www.gdk-cds.ch\/de\/\" target=\"_blank\" rel=\"noreferrer noopener\">GDK<\/a><\/h3>\n\n\n\n<p class=\"has-text-align-center has-medium-font-size\">Konferenz der kantonalen Gesundheitsdirektorinnen und -direktoren<\/p>\n<\/div>\n<\/div>\n<\/div>\n\n\n\n<div class=\"wp-block-group alignfull has-custom-platinum-background-color has-background has-global-padding is-layout-constrained wp-container-core-group-is-layout-54af5b55 wp-block-group-is-layout-constrained\" style=\"margin-top:0;margin-bottom:0;padding-top:var(--wp--preset--spacing--60);padding-bottom:var(--wp--preset--spacing--60)\">\n<h2 class=\"wp-block-heading alignwide has-xx-large-font-size\" style=\"font-style:normal;font-weight:500\">Forum f\u00fcr Qualit\u00e4tszirkel<\/h2>\n\n\n\n<p>Die Schweizerische Gesellschaft f\u00fcr Allgemeine Innere Medizin (SGAIM)  organisiert seit 1995 Grund- und Weiterbildungskurse f\u00fcr Moderator:innen von Qualit\u00e4tszirkeln. Unter der Leitung der SGAIM haben sich mehrere Berufsverb\u00e4nde der Grundversorgung zu einem Forum Qualit\u00e4tszirkel zusammengeschlossen und gemeinsam die Charakteristika eines Qualit\u00e4tszirkels definiert. <\/p>\n\n\n\n<p class=\"is-style-default\">Mitglieder der Berufsverb\u00e4nde (ARLD, ALOSI, DLV) erhalten die gesamten Kurskosten vom Berufsverband zur\u00fcckerstattet unter der Voraussetzung, dass sie einen Qualit\u00e4tszirkel er\u00f6ffnen, leiten oder mitleiten.<\/p>\n\n\n\n<div class=\"wp-block-buttons is-layout-flex wp-block-buttons-is-layout-flex\">\n<div class=\"wp-block-button\"><a class=\"wp-block-button__link wp-element-button\" href=\"https:\/\/www.sgaim.ch\/de\/qz\">Zur Website<\/a><\/div>\n<\/div>\n<\/div>","protected":false},"excerpt":{"rendered":"<p>La FSLO s\u2019engage activement dans un travail en r\u00e9seau et d\u00e9veloppe des partenariats solides pour promouvoir et d\u00e9fendre la logop\u00e9die \u00e0 tous les niveaux. Un formulaire de prescription m\u00e9dicale, conforme aux exigences actuelles, est \u00e0 disposition. Ce document permet de garantir une prise en charge efficace et structur\u00e9e des patients n\u00e9cessitant une \u00e9valuation ou un [&hellip;]<\/p>\n","protected":false},"author":1,"featured_media":0,"parent":0,"menu_order":0,"comment_status":"closed","ping_status":"closed","template":"wp-custom-template-page-normal","meta":{"footnotes":""},"class_list":["post-95","page","type-page","status-publish","hentry"],"yoast_head":"<!-- This site is optimized with the Yoast SEO plugin v27.3 - https:\/\/yoast.com\/product\/yoast-seo-wordpress\/ -->\n<title>R\u00e9seau &amp; partenariats - FSLO - F\u00e9d\u00e9ration Suisse des Logop\u00e9distes<\/title>\n<meta name=\"robots\" content=\"index, follow, max-snippet:-1, max-image-preview:large, max-video-preview:-1\" \/>\n<link rel=\"canonical\" href=\"https:\/\/fslo.ch\/de\/reseau-partenariats\/\" \/>\n<meta property=\"og:locale\" content=\"de_DE\" \/>\n<meta property=\"og:type\" content=\"article\" \/>\n<meta property=\"og:title\" content=\"R\u00e9seau &amp; partenariats - FSLO - F\u00e9d\u00e9ration Suisse des Logop\u00e9distes\" \/>\n<meta property=\"og:description\" content=\"La FSLO s\u2019engage activement dans un travail en r\u00e9seau et d\u00e9veloppe des partenariats solides pour promouvoir et d\u00e9fendre la logop\u00e9die \u00e0 tous les niveaux. Un formulaire de prescription m\u00e9dicale, conforme aux exigences actuelles, est \u00e0 disposition. Ce document permet de garantir une prise en charge efficace et structur\u00e9e des patients n\u00e9cessitant une \u00e9valuation ou un [&hellip;]\" \/>\n<meta property=\"og:url\" content=\"https:\/\/fslo.ch\/de\/reseau-partenariats\/\" \/>\n<meta property=\"og:site_name\" content=\"FSLO - F\u00e9d\u00e9ration Suisse des Logop\u00e9distes\" \/>\n<meta property=\"article:modified_time\" content=\"2025-09-18T06:18:05+00:00\" \/>\n<meta property=\"og:image\" content=\"https:\/\/fslo.ch\/wp-content\/uploads\/2025\/04\/scott-graham-OQMZwNd3ThU-unsplash.jpg\" \/>\n\t<meta property=\"og:image:width\" content=\"720\" \/>\n\t<meta property=\"og:image:height\" content=\"481\" \/>\n\t<meta property=\"og:image:type\" content=\"image\/jpeg\" \/>\n<meta name=\"twitter:card\" content=\"summary_large_image\" \/>\n<meta name=\"twitter:label1\" content=\"Gesch\u00e4tzte Lesezeit\" \/>\n\t<meta name=\"twitter:data1\" content=\"2\u00a0Minuten\" \/>\n<script type=\"application\/ld+json\" class=\"yoast-schema-graph\">{\"@context\":\"https:\\\/\\\/schema.org\",\"@graph\":[{\"@type\":\"WebPage\",\"@id\":\"https:\\\/\\\/fslo.ch\\\/reseau-partenariats\\\/\",\"url\":\"https:\\\/\\\/fslo.ch\\\/reseau-partenariats\\\/\",\"name\":\"R\u00e9seau &amp; partenariats - FSLO - F\u00e9d\u00e9ration Suisse des Logop\u00e9distes\",\"isPartOf\":{\"@id\":\"https:\\\/\\\/fslo.ch\\\/#website\"},\"primaryImageOfPage\":{\"@id\":\"https:\\\/\\\/fslo.ch\\\/reseau-partenariats\\\/#primaryimage\"},\"image\":{\"@id\":\"https:\\\/\\\/fslo.ch\\\/reseau-partenariats\\\/#primaryimage\"},\"thumbnailUrl\":\"https:\\\/\\\/fslo.ch\\\/wp-content\\\/uploads\\\/2025\\\/04\\\/scott-graham-OQMZwNd3ThU-unsplash.jpg\",\"datePublished\":\"2025-04-02T06:52:07+00:00\",\"dateModified\":\"2025-09-18T06:18:05+00:00\",\"breadcrumb\":{\"@id\":\"https:\\\/\\\/fslo.ch\\\/reseau-partenariats\\\/#breadcrumb\"},\"inLanguage\":\"de\",\"potentialAction\":[{\"@type\":\"ReadAction\",\"target\":[\"https:\\\/\\\/fslo.ch\\\/reseau-partenariats\\\/\"]}]},{\"@type\":\"ImageObject\",\"inLanguage\":\"de\",\"@id\":\"https:\\\/\\\/fslo.ch\\\/reseau-partenariats\\\/#primaryimage\",\"url\":\"https:\\\/\\\/fslo.ch\\\/wp-content\\\/uploads\\\/2025\\\/04\\\/scott-graham-OQMZwNd3ThU-unsplash.jpg\",\"contentUrl\":\"https:\\\/\\\/fslo.ch\\\/wp-content\\\/uploads\\\/2025\\\/04\\\/scott-graham-OQMZwNd3ThU-unsplash.jpg\"},{\"@type\":\"BreadcrumbList\",\"@id\":\"https:\\\/\\\/fslo.ch\\\/reseau-partenariats\\\/#breadcrumb\",\"itemListElement\":[{\"@type\":\"ListItem\",\"position\":1,\"name\":\"Accueil\",\"item\":\"https:\\\/\\\/fslo.ch\\\/\"},{\"@type\":\"ListItem\",\"position\":2,\"name\":\"R\u00e9seau &amp; partenariats\"}]},{\"@type\":\"WebSite\",\"@id\":\"https:\\\/\\\/fslo.ch\\\/#website\",\"url\":\"https:\\\/\\\/fslo.ch\\\/\",\"name\":\"FSLO - F\u00e9d\u00e9ration Suisse des Logop\u00e9distes\",\"description\":\"\",\"publisher\":{\"@id\":\"https:\\\/\\\/fslo.ch\\\/#organization\"},\"potentialAction\":[{\"@type\":\"SearchAction\",\"target\":{\"@type\":\"EntryPoint\",\"urlTemplate\":\"https:\\\/\\\/fslo.ch\\\/?s={search_term_string}\"},\"query-input\":{\"@type\":\"PropertyValueSpecification\",\"valueRequired\":true,\"valueName\":\"search_term_string\"}}],\"inLanguage\":\"de\"},{\"@type\":\"Organization\",\"@id\":\"https:\\\/\\\/fslo.ch\\\/#organization\",\"name\":\"FSLO - F\u00e9d\u00e9ration Suisse des Logop\u00e9distes\",\"url\":\"https:\\\/\\\/fslo.ch\\\/\",\"logo\":{\"@type\":\"ImageObject\",\"inLanguage\":\"de\",\"@id\":\"https:\\\/\\\/fslo.ch\\\/#\\\/schema\\\/logo\\\/image\\\/\",\"url\":\"https:\\\/\\\/fslo.ch\\\/wp-content\\\/uploads\\\/2025\\\/03\\\/fslo.png\",\"contentUrl\":\"https:\\\/\\\/fslo.ch\\\/wp-content\\\/uploads\\\/2025\\\/03\\\/fslo.png\",\"width\":1000,\"height\":411,\"caption\":\"FSLO - F\u00e9d\u00e9ration Suisse des Logop\u00e9distes\"},\"image\":{\"@id\":\"https:\\\/\\\/fslo.ch\\\/#\\\/schema\\\/logo\\\/image\\\/\"}}]}<\/script>\n<!-- \/ Yoast SEO plugin. -->","yoast_head_json":{"title":"R\u00e9seau &amp; partenariats - FSLO - F\u00e9d\u00e9ration Suisse des Logop\u00e9distes","robots":{"index":"index","follow":"follow","max-snippet":"max-snippet:-1","max-image-preview":"max-image-preview:large","max-video-preview":"max-video-preview:-1"},"canonical":"https:\/\/fslo.ch\/de\/reseau-partenariats\/","og_locale":"de_DE","og_type":"article","og_title":"R\u00e9seau &amp; partenariats - FSLO - F\u00e9d\u00e9ration Suisse des Logop\u00e9distes","og_description":"La FSLO s\u2019engage activement dans un travail en r\u00e9seau et d\u00e9veloppe des partenariats solides pour promouvoir et d\u00e9fendre la logop\u00e9die \u00e0 tous les niveaux. Un formulaire de prescription m\u00e9dicale, conforme aux exigences actuelles, est \u00e0 disposition. Ce document permet de garantir une prise en charge efficace et structur\u00e9e des patients n\u00e9cessitant une \u00e9valuation ou un [&hellip;]","og_url":"https:\/\/fslo.ch\/de\/reseau-partenariats\/","og_site_name":"FSLO - F\u00e9d\u00e9ration Suisse des Logop\u00e9distes","article_modified_time":"2025-09-18T06:18:05+00:00","og_image":[{"width":720,"height":481,"url":"https:\/\/fslo.ch\/wp-content\/uploads\/2025\/04\/scott-graham-OQMZwNd3ThU-unsplash.jpg","type":"image\/jpeg"}],"twitter_card":"summary_large_image","twitter_misc":{"Gesch\u00e4tzte Lesezeit":"2\u00a0Minuten"},"schema":{"@context":"https:\/\/schema.org","@graph":[{"@type":"WebPage","@id":"https:\/\/fslo.ch\/reseau-partenariats\/","url":"https:\/\/fslo.ch\/reseau-partenariats\/","name":"R\u00e9seau &amp; partenariats - FSLO - F\u00e9d\u00e9ration Suisse des Logop\u00e9distes","isPartOf":{"@id":"https:\/\/fslo.ch\/#website"},"primaryImageOfPage":{"@id":"https:\/\/fslo.ch\/reseau-partenariats\/#primaryimage"},"image":{"@id":"https:\/\/fslo.ch\/reseau-partenariats\/#primaryimage"},"thumbnailUrl":"https:\/\/fslo.ch\/wp-content\/uploads\/2025\/04\/scott-graham-OQMZwNd3ThU-unsplash.jpg","datePublished":"2025-04-02T06:52:07+00:00","dateModified":"2025-09-18T06:18:05+00:00","breadcrumb":{"@id":"https:\/\/fslo.ch\/reseau-partenariats\/#breadcrumb"},"inLanguage":"de","potentialAction":[{"@type":"ReadAction","target":["https:\/\/fslo.ch\/reseau-partenariats\/"]}]},{"@type":"ImageObject","inLanguage":"de","@id":"https:\/\/fslo.ch\/reseau-partenariats\/#primaryimage","url":"https:\/\/fslo.ch\/wp-content\/uploads\/2025\/04\/scott-graham-OQMZwNd3ThU-unsplash.jpg","contentUrl":"https:\/\/fslo.ch\/wp-content\/uploads\/2025\/04\/scott-graham-OQMZwNd3ThU-unsplash.jpg"},{"@type":"BreadcrumbList","@id":"https:\/\/fslo.ch\/reseau-partenariats\/#breadcrumb","itemListElement":[{"@type":"ListItem","position":1,"name":"Accueil","item":"https:\/\/fslo.ch\/"},{"@type":"ListItem","position":2,"name":"R\u00e9seau &amp; partenariats"}]},{"@type":"WebSite","@id":"https:\/\/fslo.ch\/#website","url":"https:\/\/fslo.ch\/","name":"FSLO - F\u00e9d\u00e9ration Suisse des Logop\u00e9distes","description":"","publisher":{"@id":"https:\/\/fslo.ch\/#organization"},"potentialAction":[{"@type":"SearchAction","target":{"@type":"EntryPoint","urlTemplate":"https:\/\/fslo.ch\/?s={search_term_string}"},"query-input":{"@type":"PropertyValueSpecification","valueRequired":true,"valueName":"search_term_string"}}],"inLanguage":"de"},{"@type":"Organization","@id":"https:\/\/fslo.ch\/#organization","name":"FSLO - F\u00e9d\u00e9ration Suisse des Logop\u00e9distes","url":"https:\/\/fslo.ch\/","logo":{"@type":"ImageObject","inLanguage":"de","@id":"https:\/\/fslo.ch\/#\/schema\/logo\/image\/","url":"https:\/\/fslo.ch\/wp-content\/uploads\/2025\/03\/fslo.png","contentUrl":"https:\/\/fslo.ch\/wp-content\/uploads\/2025\/03\/fslo.png","width":1000,"height":411,"caption":"FSLO - F\u00e9d\u00e9ration Suisse des Logop\u00e9distes"},"image":{"@id":"https:\/\/fslo.ch\/#\/schema\/logo\/image\/"}}]}},"_links":{"self":[{"href":"https:\/\/fslo.ch\/de\/wp-json\/wp\/v2\/pages\/95","targetHints":{"allow":["GET"]}}],"collection":[{"href":"https:\/\/fslo.ch\/de\/wp-json\/wp\/v2\/pages"}],"about":[{"href":"https:\/\/fslo.ch\/de\/wp-json\/wp\/v2\/types\/page"}],"author":[{"embeddable":true,"href":"https:\/\/fslo.ch\/de\/wp-json\/wp\/v2\/users\/1"}],"replies":[{"embeddable":true,"href":"https:\/\/fslo.ch\/de\/wp-json\/wp\/v2\/comments?post=95"}],"version-history":[{"count":49,"href":"https:\/\/fslo.ch\/de\/wp-json\/wp\/v2\/pages\/95\/revisions"}],"predecessor-version":[{"id":651,"href":"https:\/\/fslo.ch\/de\/wp-json\/wp\/v2\/pages\/95\/revisions\/651"}],"wp:attachment":[{"href":"https:\/\/fslo.ch\/de\/wp-json\/wp\/v2\/media?parent=95"}],"curies":[{"name":"wp","href":"https:\/\/api.w.org\/{rel}","templated":true}]}}