{"id":98,"date":"2025-04-02T06:52:19","date_gmt":"2025-04-02T06:52:19","guid":{"rendered":"https:\/\/fslo.ch\/?page_id=98"},"modified":"2025-09-03T07:26:10","modified_gmt":"2025-09-03T07:26:10","slug":"contact","status":"publish","type":"page","link":"https:\/\/fslo.ch\/de\/contact\/","title":{"rendered":"Kontakt"},"content":{"rendered":"\n<div class=\"wp-block-group alignwide has-global-padding is-layout-constrained wp-container-core-group-is-layout-a1458d1d wp-block-group-is-layout-constrained\"><style id=\"wpforms-css-vars-555-block-843564ee-a5e9-4deb-9f68-c960ce6cde46\">\n\t\t\t\t#wpforms-555.wpforms-block-843564ee-a5e9-4deb-9f68-c960ce6cde46 {\n\t\t\t\t--wpforms-button-background-color: #287c69;\n--wpforms-field-size-input-height: 43px;\n--wpforms-field-size-input-spacing: 15px;\n--wpforms-field-size-font-size: 16px;\n--wpforms-field-size-line-height: 19px;\n--wpforms-field-size-padding-h: 14px;\n--wpforms-field-size-checkbox-size: 16px;\n--wpforms-field-size-sublabel-spacing: 5px;\n--wpforms-field-size-icon-size: 1;\n--wpforms-label-size-font-size: 16px;\n--wpforms-label-size-line-height: 19px;\n--wpforms-label-size-sublabel-font-size: 14px;\n--wpforms-label-size-sublabel-line-height: 17px;\n--wpforms-button-size-font-size: 17px;\n--wpforms-button-size-height: 41px;\n--wpforms-button-size-padding-h: 15px;\n--wpforms-button-size-margin-top: 10px;\n\t\t\t}\n\t\t\t<\/style><div class=\"wpforms-container wpforms-container-full wpforms-block wpforms-block-843564ee-a5e9-4deb-9f68-c960ce6cde46 wpforms-render-modern\" id=\"wpforms-555\"><form id=\"wpforms-form-555\" class=\"wpforms-validate wpforms-form wpforms-ajax-form\" data-formid=\"555\" method=\"post\" enctype=\"multipart\/form-data\" action=\"\/de\/wp-json\/wp\/v2\/pages\/98\" data-token=\"f7035e75f913dd7892334220d9c86ef5\" data-token-time=\"1775725450\"><noscript class=\"wpforms-error-noscript\">Bitte aktiviere JavaScript in deinem Browser, um dieses Formular fertigzustellen.<\/noscript><div id=\"wpforms-error-noscript\" style=\"display: none;\">Bitte aktiviere JavaScript in deinem Browser, um dieses Formular fertigzustellen.<\/div><div class=\"wpforms-field-container\">\t\t<div id=\"wpforms-555-field_4-container\"\n\t\t\tclass=\"wpforms-field wpforms-field-text\"\n\t\t\tdata-field-type=\"text\"\n\t\t\tdata-field-id=\"4\"\n\t\t\t>\n\t\t\t<label class=\"wpforms-field-label\" for=\"wpforms-555-field_4\" >ou message Commentaire<\/label>\n\t\t\t<input type=\"text\" id=\"wpforms-555-field_4\" class=\"wpforms-field-medium\" name=\"wpforms[fields][4]\" >\n\t\t<\/div>\n\t\t<div id=\"wpforms-555-field_1-container\" class=\"wpforms-field wpforms-field-name\" data-field-id=\"1\"><fieldset><legend class=\"wpforms-field-label\">Nom <span class=\"wpforms-required-label\" aria-hidden=\"true\">*<\/span><\/legend><div class=\"wpforms-field-row wpforms-field-medium\"><div class=\"wpforms-field-row-block wpforms-first wpforms-one-half\"><input type=\"text\" id=\"wpforms-555-field_1\" class=\"wpforms-field-name-first wpforms-field-required\" name=\"wpforms[fields][1][first]\" aria-errormessage=\"wpforms-555-field_1-error\" required><label for=\"wpforms-555-field_1\" class=\"wpforms-field-sublabel after\">Vorname<\/label><\/div><div class=\"wpforms-field-row-block wpforms-one-half\"><input type=\"text\" id=\"wpforms-555-field_1-last\" class=\"wpforms-field-name-last wpforms-field-required\" name=\"wpforms[fields][1][last]\" aria-errormessage=\"wpforms-555-field_1-last-error\" required><label for=\"wpforms-555-field_1-last\" class=\"wpforms-field-sublabel after\">Nachname<\/label><\/div><\/div><\/fieldset><\/div><div id=\"wpforms-555-field_2-container\" class=\"wpforms-field wpforms-field-email\" data-field-id=\"2\"><label class=\"wpforms-field-label\" for=\"wpforms-555-field_2\">E-mail <span class=\"wpforms-required-label\" aria-hidden=\"true\">*<\/span><\/label><input type=\"email\" id=\"wpforms-555-field_2\" class=\"wpforms-field-medium wpforms-field-required\" name=\"wpforms[fields][2]\" spellcheck=\"false\" aria-errormessage=\"wpforms-555-field_2-error\" required><\/div><div id=\"wpforms-555-field_3-container\" class=\"wpforms-field wpforms-field-textarea\" data-field-id=\"3\"><label class=\"wpforms-field-label\" for=\"wpforms-555-field_3\">Commentaire ou message<\/label><textarea id=\"wpforms-555-field_3\" class=\"wpforms-field-medium\" name=\"wpforms[fields][3]\" aria-errormessage=\"wpforms-555-field_3-error\" ><\/textarea><\/div><script>\n\t\t\t\t( function() {\n\t\t\t\t\tconst style = document.createElement( 'style' );\n\t\t\t\t\tstyle.appendChild( document.createTextNode( '#wpforms-555-field_4-container { position: absolute !important; overflow: hidden !important; display: inline !important; height: 1px !important; width: 1px !important; z-index: -1000 !important; padding: 0 !important; } #wpforms-555-field_4-container input { visibility: hidden; } #wpforms-conversational-form-page #wpforms-555-field_4-container label { counter-increment: none; }' ) );\n\t\t\t\t\tdocument.head.appendChild( style );\n\t\t\t\t\tdocument.currentScript?.remove();\n\t\t\t\t} )();\n\t\t\t<\/script><\/div><!-- .wpforms-field-container --><div class=\"wpforms-submit-container\" ><input type=\"hidden\" name=\"wpforms[id]\" value=\"555\"><input type=\"hidden\" name=\"page_title\" value=\"\"><input type=\"hidden\" name=\"page_url\" value=\"https:\/\/fslo.ch\/de\/wp-json\/wp\/v2\/pages\/98\"><input type=\"hidden\" name=\"url_referer\" value=\"\"><button type=\"submit\" name=\"wpforms[submit]\" id=\"wpforms-submit-555\" class=\"wpforms-submit\" data-alt-text=\"Envoi...\" data-submit-text=\"Envoyer\" aria-live=\"assertive\" value=\"wpforms-submit\">Envoyer<\/button><img loading=\"lazy\" decoding=\"async\" src=\"https:\/\/fslo.ch\/wp-content\/plugins\/wpforms-lite\/assets\/images\/submit-spin.svg\" class=\"wpforms-submit-spinner\" style=\"display: none;\" width=\"26\" height=\"26\" alt=\"Wird geladen\"><\/div><\/form><\/div>  <!-- .wpforms-container --><\/div>\n","protected":false},"excerpt":{"rendered":"","protected":false},"author":1,"featured_media":0,"parent":0,"menu_order":0,"comment_status":"closed","ping_status":"closed","template":"wp-custom-template-page-normal","meta":{"footnotes":""},"class_list":["post-98","page","type-page","status-publish","hentry"],"yoast_head":"<!-- This site is optimized with the Yoast SEO plugin v27.3 - https:\/\/yoast.com\/product\/yoast-seo-wordpress\/ -->\n<title>Contact - FSLO - F\u00e9d\u00e9ration Suisse des Logop\u00e9distes<\/title>\n<meta name=\"robots\" content=\"index, follow, max-snippet:-1, max-image-preview:large, max-video-preview:-1\" \/>\n<link rel=\"canonical\" href=\"https:\/\/fslo.ch\/de\/contact\/\" \/>\n<meta property=\"og:locale\" content=\"de_DE\" \/>\n<meta property=\"og:type\" content=\"article\" \/>\n<meta property=\"og:title\" content=\"Contact - FSLO - F\u00e9d\u00e9ration Suisse des Logop\u00e9distes\" \/>\n<meta property=\"og:url\" content=\"https:\/\/fslo.ch\/de\/contact\/\" \/>\n<meta property=\"og:site_name\" content=\"FSLO - F\u00e9d\u00e9ration Suisse des Logop\u00e9distes\" \/>\n<meta property=\"article:modified_time\" content=\"2025-09-03T07:26:10+00:00\" \/>\n<meta name=\"twitter:card\" content=\"summary_large_image\" \/>\n<script type=\"application\/ld+json\" class=\"yoast-schema-graph\">{\"@context\":\"https:\\\/\\\/schema.org\",\"@graph\":[{\"@type\":\"WebPage\",\"@id\":\"https:\\\/\\\/fslo.ch\\\/contact\\\/\",\"url\":\"https:\\\/\\\/fslo.ch\\\/contact\\\/\",\"name\":\"Contact - FSLO - F\u00e9d\u00e9ration Suisse des Logop\u00e9distes\",\"isPartOf\":{\"@id\":\"https:\\\/\\\/fslo.ch\\\/#website\"},\"datePublished\":\"2025-04-02T06:52:19+00:00\",\"dateModified\":\"2025-09-03T07:26:10+00:00\",\"breadcrumb\":{\"@id\":\"https:\\\/\\\/fslo.ch\\\/contact\\\/#breadcrumb\"},\"inLanguage\":\"de\",\"potentialAction\":[{\"@type\":\"ReadAction\",\"target\":[\"https:\\\/\\\/fslo.ch\\\/contact\\\/\"]}]},{\"@type\":\"BreadcrumbList\",\"@id\":\"https:\\\/\\\/fslo.ch\\\/contact\\\/#breadcrumb\",\"itemListElement\":[{\"@type\":\"ListItem\",\"position\":1,\"name\":\"Accueil\",\"item\":\"https:\\\/\\\/fslo.ch\\\/\"},{\"@type\":\"ListItem\",\"position\":2,\"name\":\"Contact\"}]},{\"@type\":\"WebSite\",\"@id\":\"https:\\\/\\\/fslo.ch\\\/#website\",\"url\":\"https:\\\/\\\/fslo.ch\\\/\",\"name\":\"FSLO - F\u00e9d\u00e9ration Suisse des Logop\u00e9distes\",\"description\":\"\",\"publisher\":{\"@id\":\"https:\\\/\\\/fslo.ch\\\/#organization\"},\"potentialAction\":[{\"@type\":\"SearchAction\",\"target\":{\"@type\":\"EntryPoint\",\"urlTemplate\":\"https:\\\/\\\/fslo.ch\\\/?s={search_term_string}\"},\"query-input\":{\"@type\":\"PropertyValueSpecification\",\"valueRequired\":true,\"valueName\":\"search_term_string\"}}],\"inLanguage\":\"de\"},{\"@type\":\"Organization\",\"@id\":\"https:\\\/\\\/fslo.ch\\\/#organization\",\"name\":\"FSLO - F\u00e9d\u00e9ration Suisse des Logop\u00e9distes\",\"url\":\"https:\\\/\\\/fslo.ch\\\/\",\"logo\":{\"@type\":\"ImageObject\",\"inLanguage\":\"de\",\"@id\":\"https:\\\/\\\/fslo.ch\\\/#\\\/schema\\\/logo\\\/image\\\/\",\"url\":\"https:\\\/\\\/fslo.ch\\\/wp-content\\\/uploads\\\/2025\\\/03\\\/fslo.png\",\"contentUrl\":\"https:\\\/\\\/fslo.ch\\\/wp-content\\\/uploads\\\/2025\\\/03\\\/fslo.png\",\"width\":1000,\"height\":411,\"caption\":\"FSLO - F\u00e9d\u00e9ration Suisse des Logop\u00e9distes\"},\"image\":{\"@id\":\"https:\\\/\\\/fslo.ch\\\/#\\\/schema\\\/logo\\\/image\\\/\"}}]}<\/script>\n<!-- \/ Yoast SEO plugin. -->","yoast_head_json":{"title":"Contact - FSLO - F\u00e9d\u00e9ration Suisse des Logop\u00e9distes","robots":{"index":"index","follow":"follow","max-snippet":"max-snippet:-1","max-image-preview":"max-image-preview:large","max-video-preview":"max-video-preview:-1"},"canonical":"https:\/\/fslo.ch\/de\/contact\/","og_locale":"de_DE","og_type":"article","og_title":"Contact - FSLO - F\u00e9d\u00e9ration Suisse des Logop\u00e9distes","og_url":"https:\/\/fslo.ch\/de\/contact\/","og_site_name":"FSLO - F\u00e9d\u00e9ration Suisse des Logop\u00e9distes","article_modified_time":"2025-09-03T07:26:10+00:00","twitter_card":"summary_large_image","schema":{"@context":"https:\/\/schema.org","@graph":[{"@type":"WebPage","@id":"https:\/\/fslo.ch\/contact\/","url":"https:\/\/fslo.ch\/contact\/","name":"Contact - FSLO - F\u00e9d\u00e9ration Suisse des Logop\u00e9distes","isPartOf":{"@id":"https:\/\/fslo.ch\/#website"},"datePublished":"2025-04-02T06:52:19+00:00","dateModified":"2025-09-03T07:26:10+00:00","breadcrumb":{"@id":"https:\/\/fslo.ch\/contact\/#breadcrumb"},"inLanguage":"de","potentialAction":[{"@type":"ReadAction","target":["https:\/\/fslo.ch\/contact\/"]}]},{"@type":"BreadcrumbList","@id":"https:\/\/fslo.ch\/contact\/#breadcrumb","itemListElement":[{"@type":"ListItem","position":1,"name":"Accueil","item":"https:\/\/fslo.ch\/"},{"@type":"ListItem","position":2,"name":"Contact"}]},{"@type":"WebSite","@id":"https:\/\/fslo.ch\/#website","url":"https:\/\/fslo.ch\/","name":"FSLO - F\u00e9d\u00e9ration Suisse des Logop\u00e9distes","description":"","publisher":{"@id":"https:\/\/fslo.ch\/#organization"},"potentialAction":[{"@type":"SearchAction","target":{"@type":"EntryPoint","urlTemplate":"https:\/\/fslo.ch\/?s={search_term_string}"},"query-input":{"@type":"PropertyValueSpecification","valueRequired":true,"valueName":"search_term_string"}}],"inLanguage":"de"},{"@type":"Organization","@id":"https:\/\/fslo.ch\/#organization","name":"FSLO - F\u00e9d\u00e9ration Suisse des Logop\u00e9distes","url":"https:\/\/fslo.ch\/","logo":{"@type":"ImageObject","inLanguage":"de","@id":"https:\/\/fslo.ch\/#\/schema\/logo\/image\/","url":"https:\/\/fslo.ch\/wp-content\/uploads\/2025\/03\/fslo.png","contentUrl":"https:\/\/fslo.ch\/wp-content\/uploads\/2025\/03\/fslo.png","width":1000,"height":411,"caption":"FSLO - F\u00e9d\u00e9ration Suisse des Logop\u00e9distes"},"image":{"@id":"https:\/\/fslo.ch\/#\/schema\/logo\/image\/"}}]}},"_links":{"self":[{"href":"https:\/\/fslo.ch\/de\/wp-json\/wp\/v2\/pages\/98","targetHints":{"allow":["GET"]}}],"collection":[{"href":"https:\/\/fslo.ch\/de\/wp-json\/wp\/v2\/pages"}],"about":[{"href":"https:\/\/fslo.ch\/de\/wp-json\/wp\/v2\/types\/page"}],"author":[{"embeddable":true,"href":"https:\/\/fslo.ch\/de\/wp-json\/wp\/v2\/users\/1"}],"replies":[{"embeddable":true,"href":"https:\/\/fslo.ch\/de\/wp-json\/wp\/v2\/comments?post=98"}],"version-history":[{"count":9,"href":"https:\/\/fslo.ch\/de\/wp-json\/wp\/v2\/pages\/98\/revisions"}],"predecessor-version":[{"id":593,"href":"https:\/\/fslo.ch\/de\/wp-json\/wp\/v2\/pages\/98\/revisions\/593"}],"wp:attachment":[{"href":"https:\/\/fslo.ch\/de\/wp-json\/wp\/v2\/media?parent=98"}],"curies":[{"name":"wp","href":"https:\/\/api.w.org\/{rel}","templated":true}]}}